{"id":19225,"date":"2026-04-07T10:48:56","date_gmt":"2026-04-07T16:48:56","guid":{"rendered":"https:\/\/cafedoncayito.com\/?post_type=product&#038;p=19225"},"modified":"2026-04-14T23:35:26","modified_gmt":"2026-04-15T05:35:26","slug":"espresso-centroamericano-origen-unico","status":"publish","type":"product","link":"https:\/\/cafedoncayito.com\/en\/producto\/espresso-centroamericano-origen-unico\/","title":{"rendered":"Espresso Centroamericano Origen Unico"},"content":{"rendered":"<p>La variedad Centroamericano nace de un cruce entre Sarchimor T5296 y variedad Ethiope Rume Sudan. Su selecci\u00f3n fue realizada por CIRAD-CATIE-PROMECAFE. Este se reproduce solamente por micropropagaci\u00f3n.<br \/>\nEl Centroamericano es tambi\u00e9n resistente a la roya del caf\u00e9, adem\u00e1s, tiene un rendimiento extremadamente alto. Esta variedad tambi\u00e9n ha demostrado tener un potencial de calidad de taza excepcional cuando se maneja bien en altitudes elevadas.<br \/>\nLas variedades h\u00edbridas F1 a\u00fan son relativamente nuevas en la caficultura; solo unas cuantas han estado disponibles comercialmente para los agricultores en los \u00faltimos 15 a\u00f1os, y solo en pa\u00edses seleccionados.<\/p>\n","protected":false},"excerpt":{"rendered":"<p>Sarchimor T5296 x Rume Sudan<br \/>\nProceso: Natural<br \/>\nNotas de sabor: Notas dulces a ca\u00f1a de az\u00facar y miel de maple, sabores pronunciados a manzana verde y caramelo, acidez media y jugosa, cuerpo medio y sedoso.<\/p>\n","protected":false},"featured_media":19239,"template":"","meta":{"_joinchat":[]},"product_brand":[],"product_cat":[20],"product_tag":[],"class_list":{"0":"post-19225","1":"product","2":"type-product","3":"status-publish","4":"has-post-thumbnail","6":"product_cat-sin-categoria","8":"first","9":"instock","10":"shipping-taxable","11":"purchasable","12":"product-type-variable"},"_links":{"self":[{"href":"https:\/\/cafedoncayito.com\/en\/wp-json\/wp\/v2\/product\/19225","targetHints":{"allow":["GET"]}}],"collection":[{"href":"https:\/\/cafedoncayito.com\/en\/wp-json\/wp\/v2\/product"}],"about":[{"href":"https:\/\/cafedoncayito.com\/en\/wp-json\/wp\/v2\/types\/product"}],"version-history":[{"count":0,"href":"https:\/\/cafedoncayito.com\/en\/wp-json\/wp\/v2\/product\/19225\/revisions"}],"wp:featuredmedia":[{"embeddable":true,"href":"https:\/\/cafedoncayito.com\/en\/wp-json\/wp\/v2\/media\/19239"}],"wp:attachment":[{"href":"https:\/\/cafedoncayito.com\/en\/wp-json\/wp\/v2\/media?parent=19225"}],"wp:term":[{"taxonomy":"product_brand","embeddable":true,"href":"https:\/\/cafedoncayito.com\/en\/wp-json\/wp\/v2\/product_brand?post=19225"},{"taxonomy":"product_cat","embeddable":true,"href":"https:\/\/cafedoncayito.com\/en\/wp-json\/wp\/v2\/product_cat?post=19225"},{"taxonomy":"product_tag","embeddable":true,"href":"https:\/\/cafedoncayito.com\/en\/wp-json\/wp\/v2\/product_tag?post=19225"}],"curies":[{"name":"wp","href":"https:\/\/api.w.org\/{rel}","templated":true}]}}