{"id":18588,"date":"2025-11-03T15:36:22","date_gmt":"2025-11-03T21:36:22","guid":{"rendered":"https:\/\/cafedoncayito.com\/?post_type=product&#038;p=18588"},"modified":"2026-04-16T16:28:52","modified_gmt":"2026-04-16T22:28:52","slug":"variety-box","status":"publish","type":"product","link":"https:\/\/cafedoncayito.com\/en\/producto\/variety-box\/","title":{"rendered":"Variety Box \/ Caja de Regalo"},"content":{"rendered":"<p>Caja de regalo con seis diferentes caf\u00e9s: Geisha, sL28, Moka, T\u00edpica, Centroamericano y H17, todos ellos en presentaci\u00f3n de 100g en grano o molido.<\/p>\n","protected":false},"excerpt":{"rendered":"<p>Caja de regalo con seis diferentes caf\u00e9s especiales: Geisha, sL28, Moka, T\u00edpica, Centroamericano y H17, todos ellos en presentaci\u00f3n de 100g en grano o molido. Incluye caja de regalo y tarjeta de preparaci\u00f3n para cada variedad.<\/p>\n<p>Puede personalizarlo como un regalo contactando directamente a servicio al cliente.<\/p>\n","protected":false},"featured_media":18592,"template":"","meta":{"_joinchat":{"telephone":"+50683590513"}},"product_brand":[],"product_cat":[71],"product_tag":[],"class_list":{"0":"post-18588","1":"product","2":"type-product","3":"status-publish","4":"has-post-thumbnail","6":"product_cat-ediciones-especiales","8":"first","9":"instock","10":"shipping-taxable","11":"purchasable","12":"product-type-variable"},"_links":{"self":[{"href":"https:\/\/cafedoncayito.com\/en\/wp-json\/wp\/v2\/product\/18588","targetHints":{"allow":["GET"]}}],"collection":[{"href":"https:\/\/cafedoncayito.com\/en\/wp-json\/wp\/v2\/product"}],"about":[{"href":"https:\/\/cafedoncayito.com\/en\/wp-json\/wp\/v2\/types\/product"}],"version-history":[{"count":0,"href":"https:\/\/cafedoncayito.com\/en\/wp-json\/wp\/v2\/product\/18588\/revisions"}],"wp:featuredmedia":[{"embeddable":true,"href":"https:\/\/cafedoncayito.com\/en\/wp-json\/wp\/v2\/media\/18592"}],"wp:attachment":[{"href":"https:\/\/cafedoncayito.com\/en\/wp-json\/wp\/v2\/media?parent=18588"}],"wp:term":[{"taxonomy":"product_brand","embeddable":true,"href":"https:\/\/cafedoncayito.com\/en\/wp-json\/wp\/v2\/product_brand?post=18588"},{"taxonomy":"product_cat","embeddable":true,"href":"https:\/\/cafedoncayito.com\/en\/wp-json\/wp\/v2\/product_cat?post=18588"},{"taxonomy":"product_tag","embeddable":true,"href":"https:\/\/cafedoncayito.com\/en\/wp-json\/wp\/v2\/product_tag?post=18588"}],"curies":[{"name":"wp","href":"https:\/\/api.w.org\/{rel}","templated":true}]}}