{"id":16334,"date":"2021-10-12T16:27:24","date_gmt":"2021-10-12T22:27:24","guid":{"rendered":"https:\/\/desarrollo.clickdigitalcr.com\/doncayito\/contact\/"},"modified":"2024-12-12T18:36:40","modified_gmt":"2024-12-12T17:36:40","slug":"contact","status":"publish","type":"page","link":"https:\/\/cafedoncayito.com\/en\/contact\/","title":{"rendered":"Contact"},"content":{"rendered":"\t\t<div data-elementor-type=\"wp-page\" data-elementor-id=\"16334\" class=\"elementor elementor-16334 elementor-4439\" data-elementor-post-type=\"page\">\n\t\t\t\t<div class=\"wd-negative-gap elementor-element elementor-element-56d69da wd-section-stretch e-flex e-con-boxed e-con e-parent\" data-id=\"56d69da\" data-element_type=\"container\" data-e-type=\"container\" data-settings=\"{&quot;background_background&quot;:&quot;classic&quot;,&quot;shape_divider_bottom&quot;:&quot;wd_paint_stroke&quot;}\">\n\t\t\t\t\t<div class=\"e-con-inner\">\n\t\t\t\t<div class=\"elementor-shape elementor-shape-bottom\" aria-hidden=\"true\" data-negative=\"false\">\n\t\t\t<svg xmlns=\"http:\/\/www.w3.org\/2000\/svg\" class=\"wd-divider\" x=\"0px\" y=\"0px\"\n\t viewBox=\"0 0 99 2\" enable-background=\"new 0 0 99 2\" width=\"100%\" height=\"2vw\" preserveAspectRatio=\"none\">\n<path class=\"elementor-shape-fill\" d=\"M0.3,1.5L0,1.4v0.1C0.1,1.5,0.2,1.5,0.3,1.5C0.3,1.5,0.3,1.5,0.3,1.5z\"\/>\n<path class=\"elementor-shape-fill\" d=\"M0,0v1.2v0.1c0.2,0,0.3,0,0.5,0.1L0,1.3v0.1c0.3,0,0.6,0,0.9,0s0.7,0.1,0.8,0.2c0,0,0,0,0.1,0c0-0.1-0.1-0.1-0.1-0.1\n\tc0.2,0,0.4,0,0.7,0.1c-0.2,0-0.3,0-0.5,0.1c1,0,2,0,2.9,0c0.2,0,0.5-0.1,0.7-0.1c0.3,0,0.6-0.1,0.9,0.1c0.1,0,0.2,0,0.3,0\n\tc0.3,0,0.6,0,0.9,0c0.5,0,1-0.1,1.6-0.1c0.7,0.1,1.5,0,2.2,0c0.3,0,0.7,0,0.9-0.1h0.1c0,0.1,0,0.1,0,0.2c0.3-0.1,0.6-0.1,0.8-0.1\n\tc0.2,0.1,0.3,0.1,0.3,0.1c0.3-0.1,0.6-0.1,0.9,0c0.1,0.1,0.2,0,0.4,0c0.4,0.1,0.7,0.1,1.1,0.1c0,0,0,0,0,0.1c-0.2,0-0.4,0-0.6,0.1\n\tc1.9,0.1,3.9,0.2,5.8,0.1c-0.3-0.1-0.5,0-0.8-0.1c-0.3,0-0.6,0.1-0.9-0.1c0.7,0,1.4-0.1,2-0.1c0.7,0,1.3,0,2-0.1\n\tc0.2,0,0.4-0.1,0.7,0c0.1,0,0.2,0,0.3,0c0.5,0,1.1-0.1,1.6-0.1c0.9,0,1.8,0,2.7,0s1.8,0,2.7,0c-0.3,0-0.5,0.1-0.8,0.1\n\tc0.1,0.1,0.3,0.1,0.4,0.1c1.2-0.1,2.4-0.1,3.6-0.1c0.5,0,0.9,0,1.4,0V1.5c-1.2,0-2.4,0-3.6,0c0.7-0.1,1.3-0.1,2-0.2c0.7,0,1.3,0,2,0\n\tc0.7,0,1.4,0,2,0c0.7,0,1.3-0.1,2,0c0.7,0.1,1.3-0.1,2.1,0.1c-0.5,0.2-0.6,0.2-0.7,0.2c1,0.1,1.9,0.1,2.9,0.1V1.6\n\tc-0.5,0-1.1,0-1.6-0.1c0.1-0.1,0.2-0.1,0.4-0.1c1,0,2-0.1,3.1-0.1c0.6,0,1.1,0.1,1.7,0c0.4,0,0.7,0,1,0.1c0.3,0,0.7-0.1,1.1-0.1\n\tc0.3,0,0.6,0.1,0.9,0.1c0.9,0,1.8,0,2.7-0.1c1.1,0,2.3-0.1,3.4-0.1c0.8,0,1.6,0,2.4,0c1,0,2,0,3,0c0.6,0,1.2,0,1.8,0\n\tc0.5,0,1.1-0.1,1.6-0.1c0.6,0,1.2,0.1,1.8,0.1c0.3,0,0.6,0.1,0.9-0.1h0.2c0.5,0.2,1-0.1,1.5,0.1c0.5-0.1,1,0,1.5-0.1\n\tc0.3,0,0.7,0.1,1.1,0c0.3,0,0.6-0.1,0.9,0.1h0.1c0.3-0.1,0.7-0.1,1,0h0.1c0.5,0,1,0,1.4,0s0.8,0,1.2,0c0.4,0,0.7-0.1,1.1-0.1\n\tc0.2,0,0.4,0,0.5,0.1c-1.6,0-3.2,0-4.8,0.1c2.9,0.1,5.8,0,8.7,0c-0.6,0-1.2,0-1.8,0c-0.6,0-1.2,0.1-1.9-0.1c0.1-0.1,0.2-0.1,0.3-0.1\n\tc0.5,0,0.9-0.1,1.4,0c0.2,0,0.4,0.1,0.7,0.1c0.3,0,0.6-0.1,0.9-0.1c0.9,0,1.8,0,2.6-0.1c0.1,0,0.2,0,0.3,0.1c0.1,0,0.3,0.1,0.4,0.1\n\tc0.2,0,0.4,0,0.5,0s0.3,0,0.4,0c0.3-0.1,0.7-0.1,1-0.1c0.2,0.1,0.4,0,0.6,0c0.3,0,0.5-0.1,0.8-0.1c0.3,0,0.7,0,1,0\n\tc0.2,0,0.4,0,0.6,0c0.8,0.1,1.7,0.1,2.5,0c0.2,0,0.4,0,0.7,0s0.6,0,0.9,0.1c0.4,0,0.7,0,1.1,0c0.3,0,0.7-0.1,1,0h0.1\n\tc0.5,0,0.9-0.1,1.4-0.1c0.1,0,0.2,0,0.3,0c0.2,0,0.3,0,0.5,0V0H0z M14,1.1h0.1H14z M15.8,1.2c-0.5,0-0.9,0-1.4-0.1\n\tC14.8,1,15.3,1,15.8,1.1C15.8,1.1,15.8,1.1,15.8,1.2z M24,0.6c0,0.1-0.1,0.1-0.2,0.1c-0.1,0-0.1,0-0.2,0C23.7,0.6,23.9,0.6,24,0.6z\n\t M18.1,1.7c-0.1,0-0.2,0-0.3,0c0,0,0,0,0-0.1c0.1,0,0.2-0.1,0.4-0.1C18.1,1.7,18.1,1.7,18.1,1.7z M17.5,1.2c0.4-0.1,0.7-0.1,1.2,0\n\tC18.3,1.2,18,1.2,17.5,1.2z M19.3,1.1c0.3,0.1,0.6,0,0.9,0C19.9,1.2,19.6,1.2,19.3,1.1z M31.7,1.1c-0.1,0-0.2,0.1-0.3,0.1\n\tc-1,0-2.1,0-3.1,0.1c-1.4,0-2.8,0.1-4.3,0.1c-1,0-2,0-3.1,0c-0.1,0-0.3,0-0.4-0.1c0.4-0.1,0.7-0.1,1-0.2c0.7,0.1,1.3,0,1.9,0\n\tc0.3,0,0.6,0.1,0.9,0.1c0.1,0,0.2,0,0.4,0c0.5,0,0.9,0,1.4-0.1c0.4,0,0.8,0,1.2,0c0.7,0,1.3,0.1,2,0.1c0.5,0,0.9-0.1,1.4-0.1\n\tC31,1.1,31.3,1.1,31.7,1.1L31.7,1.1z M40.2,0.9C37.5,1,34.7,1,32,1c0,0,0,0,0-0.1c0,0.1,0.1,0,0.2,0c0.7,0,1.4-0.1,2.2-0.1\n\tc0.5,0,1.1,0,1.6,0c1.2,0,2.5-0.1,3.7,0C39.9,0.9,40,0.9,40.2,0.9c0.3,0,0.6,0,0.9,0C40.8,0.9,40.5,0.9,40.2,0.9z M44.2,1\n\tc-0.2,0-0.4,0-0.6-0.1c0,0,0,0,0,0s0,0,0,0C43.8,0.9,44,0.9,44.2,1L44.2,1z M48.5,1c-0.5,0-0.9,0-1.4,0c-0.6,0-1.2-0.1-1.9,0.1\n\tC45.1,1,45,1,44.8,0.9C46,0.9,47.3,0.9,48.5,1L48.5,1z M47.8,0.4c-0.2,0-0.5,0-0.7,0C47.4,0.4,47.6,0.4,47.8,0.4c0.2,0,0.5,0,0.7,0\n\tC48.3,0.4,48.1,0.4,47.8,0.4z M54.3,1.3C54.3,1.3,54.3,1.3,54.3,1.3c-0.2,0-0.4,0-0.6,0V1.3C53.9,1.3,54.1,1.3,54.3,1.3\n\tC54.3,1.3,54.3,1.3,54.3,1.3z M54.4,1c0.4-0.1,0.9-0.1,1.3-0.1C55.3,0.9,54.8,1,54.4,1z M70.2,1.2L70.2,1.2c0.6-0.1,1.2-0.1,1.9-0.1\n\tC71.5,1.2,70.8,1.2,70.2,1.2z M74.2,1.2C74.3,1.2,74.2,1.2,74.2,1.2C74.2,1.2,74.2,1.2,74.2,1.2C74.2,1.2,74.2,1.2,74.2,1.2h0.1\n\tC74.3,1.2,74.3,1.2,74.2,1.2z M75.1,1.3C75.1,1.3,75.1,1.3,75.1,1.3c1-0.1,2-0.1,3-0.1C77.1,1.3,76.1,1.3,75.1,1.3z M80.2,1.2\n\tc0.1,0,0.3,0,0.4,0C80.5,1.2,80.3,1.2,80.2,1.2z M81,1.2C81,1.2,81,1.2,81,1.2C81,1.2,81,1.2,81,1.2c0.3,0,0.5,0,0.8,0\n\tC81.6,1.2,81.3,1.2,81,1.2z M92.3,1.1C92.3,1.1,92.3,1.1,92.3,1.1c-0.1,0-0.3,0-0.4,0.1V1.1C92,1.1,92.1,1.1,92.3,1.1\n\tC92.3,1.1,92.3,1.1,92.3,1.1z M93.9,1.1c0.8,0,1.5,0,2.3,0C95.8,1.2,95.3,1.2,93.9,1.1z\"\/>\n<path class=\"elementor-shape-fill\" d=\"M48.5,0.4c-0.3,0-0.5,0-0.7,0C48.1,0.4,48.3,0.4,48.5,0.4z\"\/>\n<path class=\"elementor-shape-fill\" d=\"M41.1,0.9c-0.3,0-0.6,0-0.9,0C40.5,0.9,40.8,0.9,41.1,0.9z\"\/>\n<path class=\"elementor-shape-fill\" d=\"M29.9,1.7c0.2,0,0.3-0.1,0.5-0.1c-1.1,0-2.2,0.1-3.4,0.1C28,1.7,29,1.7,29.9,1.7z\"\/>\n<path class=\"elementor-shape-fill\" d=\"M30.4,1.6L30.4,1.6L30.4,1.6L30.4,1.6L30.4,1.6L30.4,1.6z\"\/>\n<path class=\"elementor-shape-fill\" d=\"M37.4,1.6c0.3,0,0.6,0,1-0.1C38.1,1.5,37.8,1.5,37.4,1.6C37.4,1.6,37.4,1.6,37.4,1.6z\"\/>\n<path class=\"elementor-shape-fill\" d=\"M67.6,1.5c0.3,0,0.6,0,0.9,0C68.2,1.5,67.9,1.5,67.6,1.5L67.6,1.5z\"\/>\n<path class=\"elementor-shape-fill\" d=\"M66,1.5C66,1.5,66,1.5,66,1.5c-0.3-0.1-0.6-0.1-1,0C65.3,1.5,65.7,1.5,66,1.5z\"\/>\n<path class=\"elementor-shape-fill\" d=\"M72.5,1.5c-1.1,0-2.1,0-3.2,0C70.3,1.6,71.4,1.6,72.5,1.5z\"\/>\n<path class=\"elementor-shape-fill\" d=\"M56.6,1.5c0.4,0,0.8,0,1.2,0l0,0C57.4,1.5,57,1.5,56.6,1.5L56.6,1.5z\"\/>\n<path class=\"elementor-shape-fill\" d=\"M73.3,1.5C73.3,1.5,73.3,1.5,73.3,1.5c-0.2,0-0.3,0-0.5,0C72.9,1.5,73.1,1.5,73.3,1.5z\"\/>\n<path class=\"elementor-shape-fill\" d=\"M64.6,1.5L64.6,1.5c-0.8-0.1-1.6-0.1-2.4,0C63,1.5,63.8,1.5,64.6,1.5z\"\/>\n<path class=\"elementor-shape-fill\" d=\"M59.5,1.5C59.5,1.5,59.5,1.5,59.5,1.5c0.4,0,0.7,0,1.1,0l0,0C60.2,1.5,59.8,1.5,59.5,1.5z\"\/>\n<path class=\"elementor-shape-fill\" d=\"M100,1.4L100,1.4h-2.8C97.7,1.4,98.9,1.4,100,1.4z\"\/>\n<path class=\"elementor-shape-fill\" d=\"M95.1,1.4C95.1,1.4,95.1,1.4,95.1,1.4c0,0-0.1,0-0.3,0C94.9,1.4,95,1.4,95.1,1.4z\"\/>\n<path class=\"elementor-shape-fill\" d=\"M90,1.4C90,1.4,90,1.4,90,1.4c-0.1,0-0.3,0-0.5,0C89.7,1.4,89.9,1.4,90,1.4z\"\/>\n<path class=\"elementor-shape-fill\" d=\"M87.6,1.5c0.2,0,0.5,0,0.8,0C88.1,1.4,87.8,1.4,87.6,1.5z\"\/>\n<path class=\"elementor-shape-fill\" d=\"M74.2,1.5C74.2,1.5,74.2,1.5,74.2,1.5c-0.2,0-0.4,0-0.7,0C73.7,1.5,74,1.5,74.2,1.5z\"\/>\n<path class=\"elementor-shape-fill\" d=\"M37,1.6L37,1.6c-0.2-0.1-0.4,0-0.7,0C36.5,1.6,36.8,1.6,37,1.6z\"\/>\n<path class=\"elementor-shape-fill\" d=\"M12.3,1.7c-0.1,0-0.1,0-0.2,0C12.2,1.7,12.3,1.7,12.3,1.7z\"\/>\n<path class=\"elementor-shape-fill\" d=\"M21.6,1.8c0.6,0,1.1,0,1.7,0V1.7C22.7,1.7,22.1,1.8,21.6,1.8z\"\/>\n<path class=\"elementor-shape-fill\" d=\"M25.9,1.7L25.9,1.7c-0.5,0-1.1-0.1-1.6,0C24.8,1.7,25.4,1.7,25.9,1.7z\"\/>\n<path class=\"elementor-shape-fill\" d=\"M55.7,1.5L55.7,1.5c0.1,0,0.2,0,0.4,0l0,0C55.9,1.5,55.8,1.5,55.7,1.5z\"\/>\n<path class=\"elementor-shape-fill\" d=\"M8.1,1.7c1.1,0,2.2,0,3.4,0.1C10.3,1.6,8.6,1.6,8.1,1.7z\"\/>\n<path class=\"elementor-shape-fill\" d=\"M6.6,1.7c0.2,0,0.4-0.1,0.6-0.1C6.9,1.6,6.7,1.6,6.6,1.7z\"\/>\n<path class=\"elementor-shape-fill\" d=\"M4.2,1.7c-0.1,0-0.1,0-0.2,0.1c0.7,0,1.3,0,2,0C5.6,1.6,4.4,1.6,4.2,1.7z\"\/>\n<path class=\"elementor-shape-fill\" d=\"M48.2,1.6c1.3,0,2.5,0,3.8,0V1.5c-1.3,0-2.5,0-3.8-0.1C48.2,1.5,48.2,1.6,48.2,1.6z\"\/>\n<path class=\"elementor-shape-fill\" d=\"M38.8,1.6c0.9,0,1.7,0.1,2.6,0C40.5,1.5,39.7,1.6,38.8,1.6z\"\/>\n<path class=\"elementor-shape-fill\" d=\"M54.2,1.5L54.2,1.5c0.3,0,0.6,0,0.8,0l0,0C54.8,1.5,54.5,1.5,54.2,1.5z\"\/>\n<path class=\"elementor-shape-fill\" d=\"M45.4,1.6c0.4,0,0.7-0.1,1.1-0.1C46.1,1.5,45.8,1.5,45.4,1.6L45.4,1.6z\"\/>\n<path class=\"elementor-shape-fill\" d=\"M47.8,1.5c-0.2,0-0.5,0-0.8,0C47.3,1.6,47.6,1.5,47.8,1.5z\"\/>\n<rect class=\"elementor-shape-fill\" x=\"6.4\" y=\"6\" width=\"0\" height=\"0\"\/>\n<\/svg>\n\t\t<\/div>\n\t\t\t\t<div class=\"elementor-element elementor-element-ce43ba6 elementor-widget__width-initial elementor-widget-tablet__width-inherit wd-width-100 elementor-widget elementor-widget-wd_title\" data-id=\"ce43ba6\" data-element_type=\"widget\" data-e-type=\"widget\" data-widget_type=\"wd_title.default\">\n\t\t\t\t<div class=\"elementor-widget-container\">\n\t\t\t\t\t\t\t<div class=\"title-wrapper wd-set-mb reset-last-child wd-title-color-primary wd-title-style-default wd-title-size-large text-center\">\n\n\t\t\t\n\t\t\t<div class=\"liner-continer\">\n\t\t\t\t<h1 class=\"woodmart-title-container title wd-fontsize-xxl\">Contact us<\/h1> \n\t\t\t\t\t\t\t<\/div>\n\n\t\t\t\t\t<\/div>\n\t\t\t\t\t\t<\/div>\n\t\t\t\t<\/div>\n\t\t\t\t\t<\/div>\n\t\t\t\t<\/div>\n\t\t<div class=\"wd-negative-gap elementor-element elementor-element-cb322d0 e-flex e-con-boxed e-con e-parent\" data-id=\"cb322d0\" data-element_type=\"container\" data-e-type=\"container\">\n\t\t\t\t\t<div class=\"e-con-inner\">\n\t\t<div class=\"elementor-element elementor-element-1f0abe4 e-con-full e-flex e-con e-child\" data-id=\"1f0abe4\" data-element_type=\"container\" data-e-type=\"container\">\n\t\t\t\t<div class=\"elementor-element elementor-element-071523a wd-width-100 elementor-widget elementor-widget-wd_title\" data-id=\"071523a\" data-element_type=\"widget\" data-e-type=\"widget\" data-widget_type=\"wd_title.default\">\n\t\t\t\t<div class=\"elementor-widget-container\">\n\t\t\t\t\t\t\t<div class=\"title-wrapper wd-set-mb reset-last-child wd-title-color-default wd-title-style-default wd-title-size-default text-left\">\n\n\t\t\t\n\t\t\t<div class=\"liner-continer\">\n\t\t\t\t<h2 class=\"woodmart-title-container title wd-fontsize-l\">Contact Information<\/h2> \n\t\t\t\t\t\t\t<\/div>\n\n\t\t\t\t\t<\/div>\n\t\t\t\t\t\t<\/div>\n\t\t\t\t<\/div>\n\t\t\t\t<div class=\"elementor-element elementor-element-5ca7d58 elementor-icon-list--layout-traditional elementor-list-item-link-full_width elementor-widget elementor-widget-icon-list\" data-id=\"5ca7d58\" data-element_type=\"widget\" data-e-type=\"widget\" data-widget_type=\"icon-list.default\">\n\t\t\t\t<div class=\"elementor-widget-container\">\n\t\t\t\t\t\t\t<ul class=\"elementor-icon-list-items\">\n\t\t\t\t\t\t\t<li class=\"elementor-icon-list-item\">\n\t\t\t\t\t\t\t\t\t\t\t<a href=\"https:\/\/maps.app.goo.gl\/kVEFMhFT9VNqFDzj6\" target=\"_blank\" rel=\"noopener\">\n\n\t\t\t\t\t\t\t\t\t\t\t\t<span class=\"elementor-icon-list-icon\">\n\t\t\t\t\t\t\t<svg aria-hidden=\"true\" class=\"e-font-icon-svg e-fas-map-marker-alt\" viewBox=\"0 0 384 512\" xmlns=\"http:\/\/www.w3.org\/2000\/svg\"><path d=\"M172.268 501.67C26.97 291.031 0 269.413 0 192 0 85.961 85.961 0 192 0s192 85.961 192 192c0 77.413-26.97 99.031-172.268 309.67-9.535 13.774-29.93 13.773-39.464 0zM192 272c44.183 0 80-35.817 80-80s-35.817-80-80-80-80 35.817-80 80 35.817 80 80 80z\"><\/path><\/svg>\t\t\t\t\t\t<\/span>\n\t\t\t\t\t\t\t\t\t\t<span class=\"elementor-icon-list-text\">Address: Beneficio Los \u00c1ngeles. Santa Mar\u00eda de Dota. San Jos\u00e9, Costa Rica.<\/span>\n\t\t\t\t\t\t\t\t\t\t\t<\/a>\n\t\t\t\t\t\t\t\t\t<\/li>\n\t\t\t\t\t\t\t\t<li class=\"elementor-icon-list-item\">\n\t\t\t\t\t\t\t\t\t\t\t<a href=\"tel:+50625411452%20%20\" target=\"_blank\">\n\n\t\t\t\t\t\t\t\t\t\t\t\t<span class=\"elementor-icon-list-icon\">\n\t\t\t\t\t\t\t<svg aria-hidden=\"true\" class=\"e-font-icon-svg e-fas-phone-square-alt\" viewBox=\"0 0 448 512\" xmlns=\"http:\/\/www.w3.org\/2000\/svg\"><path d=\"M400 32H48A48 48 0 0 0 0 80v352a48 48 0 0 0 48 48h352a48 48 0 0 0 48-48V80a48 48 0 0 0-48-48zm-16.39 307.37l-15 65A15 15 0 0 1 354 416C194 416 64 286.29 64 126a15.7 15.7 0 0 1 11.63-14.61l65-15A18.23 18.23 0 0 1 144 96a16.27 16.27 0 0 1 13.79 9.09l30 70A17.9 17.9 0 0 1 189 181a17 17 0 0 1-5.5 11.61l-37.89 31a231.91 231.91 0 0 0 110.78 110.78l31-37.89A17 17 0 0 1 299 291a17.85 17.85 0 0 1 5.91 1.21l70 30A16.25 16.25 0 0 1 384 336a17.41 17.41 0 0 1-.39 3.37z\"><\/path><\/svg>\t\t\t\t\t\t<\/span>\n\t\t\t\t\t\t\t\t\t\t<span class=\"elementor-icon-list-text\">Phone: +506 2541-1452<\/span>\n\t\t\t\t\t\t\t\t\t\t\t<\/a>\n\t\t\t\t\t\t\t\t\t<\/li>\n\t\t\t\t\t\t\t\t<li class=\"elementor-icon-list-item\">\n\t\t\t\t\t\t\t\t\t\t\t<a href=\"https:\/\/wa.me\/50683590513\" target=\"_blank\" rel=\"noopener\">\n\n\t\t\t\t\t\t\t\t\t\t\t\t<span class=\"elementor-icon-list-icon\">\n\t\t\t\t\t\t\t<svg aria-hidden=\"true\" class=\"e-font-icon-svg e-fab-whatsapp-square\" viewBox=\"0 0 448 512\" xmlns=\"http:\/\/www.w3.org\/2000\/svg\"><path d=\"M224 122.8c-72.7 0-131.8 59.1-131.9 131.8 0 24.9 7 49.2 20.2 70.1l3.1 5-13.3 48.6 49.9-13.1 4.8 2.9c20.2 12 43.4 18.4 67.1 18.4h.1c72.6 0 133.3-59.1 133.3-131.8 0-35.2-15.2-68.3-40.1-93.2-25-25-58-38.7-93.2-38.7zm77.5 188.4c-3.3 9.3-19.1 17.7-26.7 18.8-12.6 1.9-22.4.9-47.5-9.9-39.7-17.2-65.7-57.2-67.7-59.8-2-2.6-16.2-21.5-16.2-41s10.2-29.1 13.9-33.1c3.6-4 7.9-5 10.6-5 2.6 0 5.3 0 7.6.1 2.4.1 5.7-.9 8.9 6.8 3.3 7.9 11.2 27.4 12.2 29.4s1.7 4.3.3 6.9c-7.6 15.2-15.7 14.6-11.6 21.6 15.3 26.3 30.6 35.4 53.9 47.1 4 2 6.3 1.7 8.6-1 2.3-2.6 9.9-11.6 12.5-15.5 2.6-4 5.3-3.3 8.9-2 3.6 1.3 23.1 10.9 27.1 12.9s6.6 3 7.6 4.6c.9 1.9.9 9.9-2.4 19.1zM400 32H48C21.5 32 0 53.5 0 80v352c0 26.5 21.5 48 48 48h352c26.5 0 48-21.5 48-48V80c0-26.5-21.5-48-48-48zM223.9 413.2c-26.6 0-52.7-6.7-75.8-19.3L64 416l22.5-82.2c-13.9-24-21.2-51.3-21.2-79.3C65.4 167.1 136.5 96 223.9 96c42.4 0 82.2 16.5 112.2 46.5 29.9 30 47.9 69.8 47.9 112.2 0 87.4-72.7 158.5-160.1 158.5z\"><\/path><\/svg>\t\t\t\t\t\t<\/span>\n\t\t\t\t\t\t\t\t\t\t<span class=\"elementor-icon-list-text\">WhatsApp: +506 8359-0513<\/span>\n\t\t\t\t\t\t\t\t\t\t\t<\/a>\n\t\t\t\t\t\t\t\t\t<\/li>\n\t\t\t\t\t\t\t\t<li class=\"elementor-icon-list-item\">\n\t\t\t\t\t\t\t\t\t\t\t<a href=\"mailto:cafedoncayito@gmail.com\" target=\"_blank\">\n\n\t\t\t\t\t\t\t\t\t\t\t\t<span class=\"elementor-icon-list-icon\">\n\t\t\t\t\t\t\t<svg aria-hidden=\"true\" class=\"e-font-icon-svg e-fas-envelope-square\" viewBox=\"0 0 448 512\" xmlns=\"http:\/\/www.w3.org\/2000\/svg\"><path d=\"M400 32H48C21.49 32 0 53.49 0 80v352c0 26.51 21.49 48 48 48h352c26.51 0 48-21.49 48-48V80c0-26.51-21.49-48-48-48zM178.117 262.104C87.429 196.287 88.353 196.121 64 177.167V152c0-13.255 10.745-24 24-24h272c13.255 0 24 10.745 24 24v25.167c-24.371 18.969-23.434 19.124-114.117 84.938-10.5 7.655-31.392 26.12-45.883 25.894-14.503.218-35.367-18.227-45.883-25.895zM384 217.775V360c0 13.255-10.745 24-24 24H88c-13.255 0-24-10.745-24-24V217.775c13.958 10.794 33.329 25.236 95.303 70.214 14.162 10.341 37.975 32.145 64.694 32.01 26.887.134 51.037-22.041 64.72-32.025 61.958-44.965 81.325-59.406 95.283-70.199z\"><\/path><\/svg>\t\t\t\t\t\t<\/span>\n\t\t\t\t\t\t\t\t\t\t<span class=\"elementor-icon-list-text\">E-mail: cafedoncayito@gmail.com <\/span>\n\t\t\t\t\t\t\t\t\t\t\t<\/a>\n\t\t\t\t\t\t\t\t\t<\/li>\n\t\t\t\t\t\t<\/ul>\n\t\t\t\t\t\t<\/div>\n\t\t\t\t<\/div>\n\t\t\t\t<div class=\"elementor-element elementor-element-2485f52 elementor-widget elementor-widget-wd_social_buttons\" data-id=\"2485f52\" data-element_type=\"widget\" data-e-type=\"widget\" data-widget_type=\"wd_social_buttons.default\">\n\t\t\t\t<div class=\"elementor-widget-container\">\n\t\t\t\t\t\t\t\t<div\n\t\t\t\t\t\tclass=\" wd-social-icons wd-style-primary wd-size-large social-follow wd-shape-rounded color-scheme-dark text-center\">\n\t\t\t\t\n\t\t\t\t\n\t\t\t\t\t\t\t\t\t<a rel=\"noopener noreferrer nofollow\" href=\"https:\/\/www.facebook.com\/cafedoncayito\/\" target=\"_blank\" class=\" wd-social-icon social-facebook\" aria-label=\"Facebook social link\">\n\t\t\t\t\t\t<span class=\"wd-icon\"><\/span>\n\t\t\t\t\t\t\t\t\t\t\t<\/a>\n\t\t\t\t\n\t\t\t\t\n\t\t\t\t\n\t\t\t\t\n\t\t\t\t\t\t\t\t\t<a rel=\"noopener noreferrer nofollow\" href=\"https:\/\/www.instagram.com\/cafedoncayito\/\" target=\"_blank\" class=\" wd-social-icon social-instagram\" aria-label=\"Instagram social link\">\n\t\t\t\t\t\t<span class=\"wd-icon\"><\/span>\n\t\t\t\t\t\t\t\t\t\t\t<\/a>\n\t\t\t\t\n\t\t\t\t\n\t\t\t\t\n\t\t\t\t\n\t\t\t\t\n\t\t\t\t\n\t\t\t\t\n\t\t\t\t\n\t\t\t\t\n\t\t\t\t\n\t\t\t\t\n\t\t\t\t\n\t\t\t\t\n\t\t\t\t\n\t\t\t\t\n\t\t\t\t\n\t\t\t\t\n\t\t\t\t\n\t\t\t\t\n\t\t\t\t\n\t\t\t\t\n\t\t\t\t\n\t\t\t<\/div>\n\n\t\t\t\t\t\t<\/div>\n\t\t\t\t<\/div>\n\t\t\t\t<\/div>\n\t\t<div class=\"elementor-element elementor-element-789122a e-con-full e-flex e-con e-child\" data-id=\"789122a\" data-element_type=\"container\" data-e-type=\"container\">\n\t\t\t\t<div class=\"elementor-element elementor-element-775ddc4 wd-width-100 elementor-widget elementor-widget-wd_title\" data-id=\"775ddc4\" data-element_type=\"widget\" data-e-type=\"widget\" data-widget_type=\"wd_title.default\">\n\t\t\t\t<div class=\"elementor-widget-container\">\n\t\t\t\t\t\t\t<div class=\"title-wrapper wd-set-mb reset-last-child wd-title-color-default wd-title-style-default wd-title-size-default text-left\">\n\n\t\t\t\n\t\t\t<div class=\"liner-continer\">\n\t\t\t\t<h2 class=\"woodmart-title-container title wd-fontsize-l\">Contact Form<\/h2> \n\t\t\t\t\t\t\t<\/div>\n\n\t\t\t\t\t<\/div>\n\t\t\t\t\t\t<\/div>\n\t\t\t\t<\/div>\n\t\t\t\t<div class=\"elementor-element elementor-element-3c67846 wd-cf7 elementor-widget elementor-widget-wd_contact_form_7\" data-id=\"3c67846\" data-element_type=\"widget\" data-e-type=\"widget\" data-widget_type=\"wd_contact_form_7.default\">\n\t\t\t\t<div class=\"elementor-widget-container\">\n\t\t\t\t\t\n<div class=\"wpcf7 no-js\" id=\"wpcf7-f1572-o1\" lang=\"en-US\" dir=\"ltr\" data-wpcf7-id=\"1572\">\n<div class=\"screen-reader-response\"><p role=\"status\" aria-live=\"polite\" aria-atomic=\"true\"><\/p> <ul><\/ul><\/div>\n<form action=\"\/en\/wp-json\/wp\/v2\/pages\/16334#wpcf7-f1572-o1\" method=\"post\" class=\"wpcf7-form init\" aria-label=\"Contact form\" novalidate=\"novalidate\" data-status=\"init\">\n<fieldset class=\"hidden-fields-container\"><input type=\"hidden\" name=\"_wpcf7\" value=\"1572\" \/><input type=\"hidden\" name=\"_wpcf7_version\" value=\"6.1.5\" \/><input type=\"hidden\" name=\"_wpcf7_locale\" value=\"en_US\" \/><input type=\"hidden\" name=\"_wpcf7_unit_tag\" value=\"wpcf7-f1572-o1\" \/><input type=\"hidden\" name=\"_wpcf7_container_post\" value=\"0\" \/><input type=\"hidden\" name=\"_wpcf7_posted_data_hash\" value=\"\" \/>\n<\/fieldset>\n<div class=\"row\">\n\t<p class=\"col-md-6\"><label>Your Name<\/label><span class=\"wpcf7-form-control-wrap\" data-name=\"your-name\"><input size=\"40\" maxlength=\"400\" class=\"wpcf7-form-control wpcf7-text wpcf7-validates-as-required\" aria-required=\"true\" aria-invalid=\"false\" value=\"\" type=\"text\" name=\"your-name\" \/><\/span>\n\t<\/p>\n\t<p class=\"col-md-6\"><label>Your Email<\/label><span class=\"wpcf7-form-control-wrap\" data-name=\"your-email\"><input size=\"40\" maxlength=\"400\" class=\"wpcf7-form-control wpcf7-email wpcf7-validates-as-required wpcf7-text wpcf7-validates-as-email\" aria-required=\"true\" aria-invalid=\"false\" value=\"\" type=\"email\" name=\"your-email\" \/><\/span>\n\t<\/p>\n<\/div>\n<div class=\"row\">\n\t<p class=\"col-md-6\"><label>Phone Number<\/label><span class=\"wpcf7-form-control-wrap\" data-name=\"tel-767\"><input size=\"40\" maxlength=\"400\" class=\"wpcf7-form-control wpcf7-tel wpcf7-text wpcf7-validates-as-tel\" aria-invalid=\"false\" value=\"\" type=\"tel\" name=\"tel-767\" \/><\/span>\n\t<\/p>\n\t<p class=\"col-md-6\"><label>Company<\/label><span class=\"wpcf7-form-control-wrap\" data-name=\"text-1\"><input size=\"40\" maxlength=\"400\" class=\"wpcf7-form-control wpcf7-text\" aria-invalid=\"false\" value=\"\" type=\"text\" name=\"text-1\" \/><\/span>\n\t<\/p>\n<\/div>\n<p><label>Your Message<\/label><span class=\"wpcf7-form-control-wrap\" data-name=\"your-message\"><textarea cols=\"40\" rows=\"10\" maxlength=\"2000\" class=\"wpcf7-form-control wpcf7-textarea\" aria-invalid=\"false\" name=\"your-message\"><\/textarea><\/span>\n<\/p>\n<p><input class=\"wpcf7-form-control wpcf7-submit has-spinner btn-color-black\" type=\"submit\" value=\"ASK A QUESTION\" \/>\n<\/p><div class=\"wpcf7-response-output\" aria-hidden=\"true\"><\/div>\n<\/form>\n<\/div>\n\t\t\t\t<\/div>\n\t\t\t\t<\/div>\n\t\t\t\t<\/div>\n\t\t\t\t\t<\/div>\n\t\t\t\t<\/div>\n\t\t<div class=\"wd-negative-gap elementor-element elementor-element-2c3dccd wd-section-stretch-content e-flex e-con-boxed e-con e-parent\" data-id=\"2c3dccd\" data-element_type=\"container\" data-e-type=\"container\">\n\t\t\t\t\t<div class=\"e-con-inner\">\n\t\t\t\t<div class=\"elementor-element elementor-element-a1b0f68 elementor-widget elementor-widget-google_maps\" data-id=\"a1b0f68\" data-element_type=\"widget\" data-e-type=\"widget\" data-widget_type=\"google_maps.default\">\n\t\t\t\t<div class=\"elementor-widget-container\">\n\t\t\t\t\t\t\t<div class=\"elementor-custom-embed\">\n\t\t\t<iframe loading=\"lazy\"\n\t\t\t\t\tsrc=\"https:\/\/maps.google.com\/maps?q=Cafeter%C3%ADa%20Don%20Cayito&#038;t=m&#038;z=16&#038;output=embed&#038;iwloc=near\"\n\t\t\t\t\ttitle=\"Cafeter\u00eda Don Cayito\"\n\t\t\t\t\taria-label=\"Cafeter\u00eda Don Cayito\"\n\t\t\t><\/iframe>\n\t\t<\/div>\n\t\t\t\t\t\t<\/div>\n\t\t\t\t<\/div>\n\t\t\t\t\t<\/div>\n\t\t\t\t<\/div>\n\t\t\t\t<\/div>\n\t\t","protected":false},"excerpt":{"rendered":"<p>Contact us Contact Information Address: Beneficio Los \u00c1ngeles. Santa Mar\u00eda de Dota. San Jos\u00e9, Costa Rica. Phone: +506 2541-1452 WhatsApp:<\/p>\n","protected":false},"author":1,"featured_media":0,"parent":0,"menu_order":0,"comment_status":"closed","ping_status":"closed","template":"","meta":{"_joinchat":[],"footnotes":""},"class_list":["post-16334","page","type-page","status-publish","hentry"],"_links":{"self":[{"href":"https:\/\/cafedoncayito.com\/en\/wp-json\/wp\/v2\/pages\/16334","targetHints":{"allow":["GET"]}}],"collection":[{"href":"https:\/\/cafedoncayito.com\/en\/wp-json\/wp\/v2\/pages"}],"about":[{"href":"https:\/\/cafedoncayito.com\/en\/wp-json\/wp\/v2\/types\/page"}],"author":[{"embeddable":true,"href":"https:\/\/cafedoncayito.com\/en\/wp-json\/wp\/v2\/users\/1"}],"replies":[{"embeddable":true,"href":"https:\/\/cafedoncayito.com\/en\/wp-json\/wp\/v2\/comments?post=16334"}],"version-history":[{"count":0,"href":"https:\/\/cafedoncayito.com\/en\/wp-json\/wp\/v2\/pages\/16334\/revisions"}],"wp:attachment":[{"href":"https:\/\/cafedoncayito.com\/en\/wp-json\/wp\/v2\/media?parent=16334"}],"curies":[{"name":"wp","href":"https:\/\/api.w.org\/{rel}","templated":true}]}}